{"id":920,"date":"2021-12-16T14:12:44","date_gmt":"2021-12-16T21:12:44","guid":{"rendered":"https:\/\/adisacv.com.mx\/?page_id=920"},"modified":"2022-01-22T11:54:19","modified_gmt":"2022-01-22T18:54:19","slug":"nosotros","status":"publish","type":"page","link":"https:\/\/www.adisacv.com.mx\/en\/nosotros\/","title":{"rendered":"About us"},"content":{"rendered":"<div class=\"wp-block-kadence-rowlayout alignnone\" id=\"home\"><div id=\"kt-layout-id_29d122-ac\" class=\"kt-row-layout-inner kt-row-has-bg kt-layout-id_29d122-ac kt-jarallax\"><div class=\"kt-row-layout-overlay kt-row-overlay-gradient\"><\/div><div class=\"kt-row-column-wrap kt-has-1-columns kt-gutter-default kt-v-gutter-default kt-row-valign-top kt-row-layout-equal kt-tab-layout-inherit kt-m-colapse-left-to-right kt-mobile-layout-row\">\n<div class=\"wp-block-kadence-column inner-column-1 kadence-column_75ce7a-6a\"><div class=\"kt-inside-inner-col\">\n<div class=\"wp-block-kadence-rowlayout alignnone\"><div id=\"kt-layout-id_5568fc-a0\" class=\"kt-row-layout-inner kt-row-has-bg kt-layout-id_5568fc-a0\"><div class=\"kt-row-column-wrap kt-has-1-columns kt-gutter-default kt-v-gutter-default kt-row-valign-top kt-row-layout-equal kt-tab-layout-inherit kt-m-colapse-left-to-right kt-mobile-layout-row\">\n<div class=\"wp-block-kadence-column inner-column-1 kadence-column_0b8523-0f\"><div class=\"kt-inside-inner-col\">\n<h2 class=\"kt-adv-heading_ce3dcb-0a slide-in-blurred-left wp-block-kadence-advancedheading has-theme-palette-9-color has-text-color\" data-kb-block=\"kb-adv-heading_ce3dcb-0a\">About us<\/h2>\n<\/div><\/div>\n<\/div><\/div><\/div>\n<\/div><\/div>\n<\/div><\/div><\/div>\n\n\n\n<div class=\"wp-block-kadence-rowlayout alignnone\"><div id=\"kt-layout-id_78693e-a6\" class=\"kt-row-layout-inner kt-layout-id_78693e-a6\"><div class=\"kt-row-column-wrap kt-has-2-columns kt-gutter-default kt-v-gutter-default kt-row-valign-top kt-row-layout-left-golden kt-tab-layout-inherit kt-m-colapse-left-to-right kt-mobile-layout-row\">\n<div class=\"wp-block-kadence-column inner-column-1 kadence-column_bb5c72-9b\"><div class=\"kt-inside-inner-col\">\n<p>Alfa Desarrollos Industriales S.A. de C.V. has more than 20 years on the market, the first plant was in Mexico City.<\/p>\n\n\n\n<div id=\"kt-info-box_8b2893-57\" class=\"wp-block-kadence-infobox fade-in-up\"><div class=\"kt-blocks-info-box-link-wrap kt-blocks-info-box-media-align-top kt-info-halign-center\"><div class=\"kt-blocks-info-box-media-container\"><div class=\"kt-blocks-info-box-media kt-info-media-animate-none\"><div class=\"kadence-info-box-number-container kt-info-number-animate-none\"><div class=\"kadence-info-box-number-inner-container\"><div class=\"kt-blocks-info-box-number\">2014<\/div><\/div><\/div><\/div><\/div><div class=\"kt-infobox-textcontent\"><p class=\"kt-blocks-info-box-text translation-block\">In <strong>2014<\/strong> ADISA grown up and change the plant to Tizayuca, Hidalgo on the Industrial area where they update all the infrastructure.<\/p><\/div><\/div><\/div>\n\n\n\n<div id=\"kt-info-box_41f2cf-ce\" class=\"wp-block-kadence-infobox fade-in-up\"><div class=\"kt-blocks-info-box-link-wrap kt-blocks-info-box-media-align-top kt-info-halign-center\"><div class=\"kt-blocks-info-box-media-container\"><div class=\"kt-blocks-info-box-media kt-info-media-animate-none\"><div class=\"kadence-info-box-number-container kt-info-number-animate-none\"><div class=\"kadence-info-box-number-inner-container\"><div class=\"kt-blocks-info-box-number\">2015<\/div><\/div><\/div><\/div><\/div><div class=\"kt-infobox-textcontent\"><p class=\"kt-blocks-info-box-text translation-block\">In <strong>2015<\/strong> the shareholders open a distribution center in the northeast from Mexico to give a better service for the client in the North, they stablish the warehouse in Monterrey, Nuevo Leon.<\/p><\/div><\/div><\/div>\n\n\n\n<div id=\"kt-info-box_320596-94\" class=\"wp-block-kadence-infobox fade-in-up\"><div class=\"kt-blocks-info-box-link-wrap kt-blocks-info-box-media-align-top kt-info-halign-center\"><div class=\"kt-blocks-info-box-media-container\"><div class=\"kt-blocks-info-box-media kt-info-media-animate-none\"><div class=\"kadence-info-box-number-container kt-info-number-animate-none\"><div class=\"kadence-info-box-number-inner-container\"><div class=\"kt-blocks-info-box-number\">2017<\/div><\/div><\/div><\/div><\/div><div class=\"kt-infobox-textcontent\"><p class=\"kt-blocks-info-box-text translation-block\">In <strong>2017<\/strong> the company acquire the ISO 9001:2015 certification for quality management system.<\/p><\/div><\/div><\/div>\n\n\n\n<div id=\"kt-info-box_e5eaa2-75\" class=\"wp-block-kadence-infobox fade-in-up\"><div class=\"kt-blocks-info-box-link-wrap kt-blocks-info-box-media-align-top kt-info-halign-center\"><div class=\"kt-blocks-info-box-media-container\"><div class=\"kt-blocks-info-box-media kt-info-media-animate-none\"><div class=\"kadence-info-box-number-container kt-info-number-animate-none\"><div class=\"kadence-info-box-number-inner-container\"><div class=\"kt-blocks-info-box-number\">2019<\/div><\/div><\/div><\/div><\/div><div class=\"kt-infobox-textcontent\"><p class=\"kt-blocks-info-box-text translation-block\">In <strong>2019<\/strong> the company double their plant area to have more space to keep raw material and final product.<\/p><\/div><\/div><\/div>\n<\/div><\/div>\n\n\n\n<div class=\"wp-block-kadence-column inner-column-2 kadence-column_204146-d7\"><div class=\"kt-inside-inner-col\">\n<figure class=\"wp-block-image size-large fade-in-left\"><img loading=\"lazy\" decoding=\"async\" width=\"725\" height=\"1024\" src=\"https:\/\/adisacv.com.mx\/wp-content\/uploads\/2021\/12\/IQNetES-0529-2017_2017-10-17_page-0001-725x1024.jpg\" alt=\"\" class=\"wp-image-921\" srcset=\"https:\/\/www.adisacv.com.mx\/wp-content\/uploads\/2021\/12\/IQNetES-0529-2017_2017-10-17_page-0001-725x1024.jpg 725w, https:\/\/www.adisacv.com.mx\/wp-content\/uploads\/2021\/12\/IQNetES-0529-2017_2017-10-17_page-0001-212x300.jpg 212w, https:\/\/www.adisacv.com.mx\/wp-content\/uploads\/2021\/12\/IQNetES-0529-2017_2017-10-17_page-0001-768x1085.jpg 768w, https:\/\/www.adisacv.com.mx\/wp-content\/uploads\/2021\/12\/IQNetES-0529-2017_2017-10-17_page-0001.jpg 1019w\" sizes=\"auto, (max-width: 725px) 100vw, 725px\" \/><\/figure>\n<\/div><\/div>\n<\/div><\/div><\/div>\n\n\n\n<div class=\"wp-block-kadence-rowlayout alignnone\"><div id=\"kt-layout-id_7ad668-51\" class=\"kt-row-layout-inner kt-row-has-bg kt-layout-id_7ad668-51 has-theme-palette-7-background-color\"><div class=\"kt-row-column-wrap kt-has-3-columns kt-gutter-default kt-v-gutter-default kt-row-valign-top kt-row-layout-equal kt-tab-layout-inherit kt-m-colapse-left-to-right kt-mobile-layout-row\">\n<div class=\"wp-block-kadence-column inner-column-1 kadence-column_cfbea8-b3\"><div class=\"kt-inside-inner-col\">\n<div id=\"kt-info-box_42111a-18\" class=\"wp-block-kadence-infobox fade-in-right\"><div class=\"kt-blocks-info-box-link-wrap kt-blocks-info-box-media-align-top kt-info-halign-center\"><div class=\"kt-blocks-info-box-media-container\"><div class=\"kt-blocks-info-box-media kt-info-media-animate-none\"><div class=\"kadence-info-box-icon-container kt-info-icon-animate-none\"><div class=\"kadence-info-box-icon-inner-container\"><span style=\"display:block;justify-content:center;align-items:center\" class=\"kt-info-svg-icon kt-info-svg-icon-fe_checkSquare\"><svg style=\"display:inline-block;vertical-align:middle\" viewbox=\"0 0 24 24\" height=\"64\" width=\"64\" fill=\"none\" stroke=\"currentColor\" xmlns=\"http:\/\/www.w3.org\/2000\/svg\" stroke-width=\"2\" stroke-linecap=\"round\" stroke-linejoin=\"round\" aria-hidden=\"true\"><polyline points=\"9 11 12 14 22 4\"><\/polyline><path d=\"M21 12v7a2 2 0 0 1-2 2H5a2 2 0 0 1-2-2V5a2 2 0 0 1 2-2h11\"><\/path><\/svg><\/span><\/div><\/div><\/div><\/div><div class=\"kt-infobox-textcontent\"><h4 class=\"kt-blocks-info-box-title\">Mission<\/h4><p class=\"kt-blocks-info-box-text\">Give the best technical and economic solutions to our clients using better innovation processes, through the design, manufacture or similar products that cover their needs on their chain supply, assuming our responsibility to our employees, the community and the environment.<\/p><\/div><\/div><\/div>\n<\/div><\/div>\n\n\n\n<div class=\"wp-block-kadence-column inner-column-2 kadence-column_c2cea2-a8\"><div class=\"kt-inside-inner-col\">\n<div id=\"kt-info-box_e61d46-c7\" class=\"wp-block-kadence-infobox fade-in-right\"><div class=\"kt-blocks-info-box-link-wrap kt-blocks-info-box-media-align-top kt-info-halign-center\"><div class=\"kt-blocks-info-box-media-container\"><div class=\"kt-blocks-info-box-media kt-info-media-animate-none\"><div class=\"kadence-info-box-icon-container kt-info-icon-animate-none\"><div class=\"kadence-info-box-icon-inner-container\"><span style=\"display:block;justify-content:center;align-items:center\" class=\"kt-info-svg-icon kt-info-svg-icon-fe_eye\"><svg style=\"display:inline-block;vertical-align:middle\" viewbox=\"0 0 24 24\" height=\"64\" width=\"64\" fill=\"none\" stroke=\"currentColor\" xmlns=\"http:\/\/www.w3.org\/2000\/svg\" stroke-width=\"2\" stroke-linecap=\"round\" stroke-linejoin=\"round\" aria-hidden=\"true\"><path d=\"M1 12s4-8 11-8 11 8 11 8-4 8-11 8-11-8-11-8z\"><\/path><circle cx=\"12\" cy=\"12\" r=\"3\"><\/circle><\/svg><\/span><\/div><\/div><\/div><\/div><div class=\"kt-infobox-textcontent\"><h4 class=\"kt-blocks-info-box-title\">Vision<\/h4><p class=\"kt-blocks-info-box-text\">Be a recognized company for service orientation, who creates trust through quality products for national and international clients, reinforced on our honesty, responsibility, and respect for and towards to our collaborators.<\/p><\/div><\/div><\/div>\n<\/div><\/div>\n\n\n\n<div class=\"wp-block-kadence-column inner-column-3 kadence-column_f88bf7-c6\"><div class=\"kt-inside-inner-col\">\n<div id=\"kt-info-box_3c5ac2-17\" class=\"wp-block-kadence-infobox fade-in-right\"><div class=\"kt-blocks-info-box-link-wrap kt-blocks-info-box-media-align-top kt-info-halign-center\"><div class=\"kt-blocks-info-box-media-container\"><div class=\"kt-blocks-info-box-media kt-info-media-animate-none\"><div class=\"kadence-info-box-icon-container kt-info-icon-animate-none\"><div class=\"kadence-info-box-icon-inner-container\"><span style=\"display:block;justify-content:center;align-items:center\" class=\"kt-info-svg-icon kt-info-svg-icon-fe_award\"><svg style=\"display:inline-block;vertical-align:middle\" viewbox=\"0 0 24 24\" height=\"64\" width=\"64\" fill=\"none\" stroke=\"currentColor\" xmlns=\"http:\/\/www.w3.org\/2000\/svg\" stroke-width=\"2\" stroke-linecap=\"round\" stroke-linejoin=\"round\" aria-hidden=\"true\"><circle cx=\"12\" cy=\"8\" r=\"7\"><\/circle><polyline points=\"8.21 13.89 7 23 12 20 17 23 15.79 13.88\"><\/polyline><\/svg><\/span><\/div><\/div><\/div><\/div><div class=\"kt-infobox-textcontent\"><h4 class=\"kt-blocks-info-box-title\">Values<\/h4><p class=\"kt-blocks-info-box-text\">Service orientation<br\/>Integrity<br\/>Confidence<br\/>Responsibility<br\/>Respect<\/p><\/div><\/div><\/div>\n<\/div><\/div>\n<\/div><\/div><\/div>\n\n\n\n<div class=\"wp-block-kadence-rowlayout alignnone\"><div id=\"kt-layout-id_fb9a95-e9\" class=\"kt-row-layout-inner kt-layout-id_fb9a95-e9\"><div class=\"kt-row-column-wrap kt-has-1-columns kt-gutter-default kt-v-gutter-default kt-row-valign-top kt-row-layout-equal kt-tab-layout-inherit kt-m-colapse-left-to-right kt-mobile-layout-row\">\n<div class=\"wp-block-kadence-column inner-column-1 kadence-column_e56ad7-95\"><div class=\"kt-inside-inner-col\">\n<div id=\"kt-info-box_0bdda7-b0\" class=\"wp-block-kadence-infobox fade-in-up\"><div class=\"kt-blocks-info-box-link-wrap kt-blocks-info-box-media-align-top kt-info-halign-center\"><div class=\"kt-blocks-info-box-media-container\"><div class=\"kt-blocks-info-box-media kt-info-media-animate-none\"><div class=\"kadence-info-box-icon-container kt-info-icon-animate-none\"><div class=\"kadence-info-box-icon-inner-container\"><span style=\"display:block;justify-content:center;align-items:center\" class=\"kt-info-svg-icon kt-info-svg-icon-fe_checkCircle\"><svg style=\"display:inline-block;vertical-align:middle\" viewbox=\"0 0 24 24\" height=\"64\" width=\"64\" fill=\"none\" stroke=\"currentColor\" xmlns=\"http:\/\/www.w3.org\/2000\/svg\" stroke-width=\"2\" stroke-linecap=\"round\" stroke-linejoin=\"round\" aria-hidden=\"true\"><path d=\"M22 11.08V12a10 10 0 1 1-5.93-9.14\"><\/path><polyline points=\"22 4 12 14.01 9 11.01\"><\/polyline><\/svg><\/span><\/div><\/div><\/div><\/div><div class=\"kt-infobox-textcontent\"><h4 class=\"kt-blocks-info-box-title\">Quality Policy<\/h4><p class=\"kt-blocks-info-box-text\">ALFA DESARROLLOS INDUSTRIALES S.A. de C.V., are committed to manufacturing adhesives, resins and similar products that meet the requirements of our customers in quality, quantity and time, supported by the commitment of our staff and the continuous improvement of our ISO 9001: 2015 Quality Management System.<\/p><\/div><\/div><\/div>\n<\/div><\/div>\n<\/div><\/div><\/div>","protected":false},"excerpt":{"rendered":"<p>Nosotros Alfa Desarrollos Industriales S.A. de C.V., tiene presencia en el mercando nacional por m\u00e1s de 20 a\u00f1os. Inicialmente la planta se ubic\u00f3 en Ecatepec, Estado de M\u00e9xico.<\/p>","protected":false},"author":3,"featured_media":0,"parent":0,"menu_order":0,"comment_status":"closed","ping_status":"closed","template":"","meta":{"_kadence_starter_templates_imported_post":true,"footnotes":""},"class_list":["post-920","page","type-page","status-publish","hentry"],"_links":{"self":[{"href":"https:\/\/www.adisacv.com.mx\/en\/wp-json\/wp\/v2\/pages\/920","targetHints":{"allow":["GET"]}}],"collection":[{"href":"https:\/\/www.adisacv.com.mx\/en\/wp-json\/wp\/v2\/pages"}],"about":[{"href":"https:\/\/www.adisacv.com.mx\/en\/wp-json\/wp\/v2\/types\/page"}],"author":[{"embeddable":true,"href":"https:\/\/www.adisacv.com.mx\/en\/wp-json\/wp\/v2\/users\/3"}],"replies":[{"embeddable":true,"href":"https:\/\/www.adisacv.com.mx\/en\/wp-json\/wp\/v2\/comments?post=920"}],"version-history":[{"count":15,"href":"https:\/\/www.adisacv.com.mx\/en\/wp-json\/wp\/v2\/pages\/920\/revisions"}],"predecessor-version":[{"id":1031,"href":"https:\/\/www.adisacv.com.mx\/en\/wp-json\/wp\/v2\/pages\/920\/revisions\/1031"}],"wp:attachment":[{"href":"https:\/\/www.adisacv.com.mx\/en\/wp-json\/wp\/v2\/media?parent=920"}],"curies":[{"name":"wp","href":"https:\/\/api.w.org\/{rel}","templated":true}]}}